{"id":1057,"date":"2025-10-12T08:32:50","date_gmt":"2025-10-12T08:32:50","guid":{"rendered":"https:\/\/eroticmiel.com\/blog\/"},"modified":"2025-11-21T19:34:13","modified_gmt":"2025-11-21T19:34:13","slug":"blog","status":"publish","type":"page","link":"https:\/\/eroticmiel.com\/es\/blog\/","title":{"rendered":"Blog"},"content":{"rendered":"<section class=\"l-section wpb_row us_custom_8168c621 height_small\" id=\"hero\"><div class=\"l-section-h i-cf\"><div class=\"g-cols vc_row via_flex valign_middle type_default stacking_default\"><div class=\"vc_col-sm-12 wpb_column vc_column_container\"><div class=\"vc_column-inner\"><div class=\"wpb_wrapper\"><div class=\"g-cols wpb_row us_custom_53135519 via_flex valign_middle type_default stacking_default\"><div class=\"vc_col-sm-12 wpb_column vc_column_container\"><div class=\"vc_column-inner\"><div class=\"wpb_wrapper\"><div class=\"w-vwrapper wrap-main align_center valign_middle\" style=\"--vwrapper-gap:1rem\"><nav class=\"g-breadcrumbs us_custom_b13316d5 has_text_color separator_custom align_none\" itemscope itemtype=\"http:\/\/schema.org\/BreadcrumbList\"><div class=\"g-breadcrumbs-item\" itemscope itemprop=\"itemListElement\" itemtype=\"http:\/\/schema.org\/ListItem\"><a itemprop=\"item\" href=\"https:\/\/eroticmiel.com\/es\/\"><span itemprop=\"name\">Inicio<\/span><\/a><meta itemprop=\"position\" content=\"1\"\/><\/div><div class=\"g-breadcrumbs-separator\">\/<\/div><div class=\"g-breadcrumbs-item\">P\u00e1ginas<\/div><\/nav><div class=\"w-hwrapper valign_top align_none\" style=\"--hwrapper-gap:0.9rem\"><h2 class=\"w-text us_custom_8a13cfe9\"><span class=\"w-text-h\"><span class=\"w-text-value\">EroticMiel<\/span><\/span><\/h2><h1 class=\"w-post-elm post_title us_custom_8a13cfe9 align_center entry-title color_link_inherit\">Blog<\/h1><\/div><div class=\"w-text us_custom_0993e0a7\"><span class=\"w-text-h\"><span class=\"w-text-value\">Conocimiento saludable y cientifico para una relaci\u00f3n \u00edntima m\u00e1s fuerte y profunda<\/span><\/span><\/div><\/div><div class=\"w-vwrapper us_custom_4e3ce60a scroll-box align_center valign_middle\" style=\"--vwrapper-gap:0.2rem\"><div class=\"w-image us_custom_47e4540e mouse has_height align_none\"><div class=\"w-image-h\"><img decoding=\"async\" src=\"https:\/\/eroticmiel.com\/wp-content\/uploads\/2025\/10\/Mouse.svg\" class=\"attachment-full size-full\" alt=\"\" loading=\"lazy\" \/><\/div><\/div><div class=\"w-image us_custom_cf62abf2 arrow-mouse has_height align_none\"><div class=\"w-image-h\"><img decoding=\"async\" src=\"https:\/\/eroticmiel.com\/wp-content\/uploads\/2025\/10\/arrow-mouse.svg\" class=\"attachment-full size-full\" alt=\"\" loading=\"lazy\" \/><\/div><\/div><\/div><\/div><\/div><\/div><\/div><\/div><\/div><\/div><\/div><\/div><\/section><section class=\"l-section wpb_row us_custom_1c5e764a height_small with_img\" id=\"main\"><div class=\"l-section-img\" role=\"img\" aria-label=\"Imagen\" data-img-width=\"1920\" data-img-height=\"1200\" style=\"background-image: url(https:\/\/eroticmiel.com\/wp-content\/uploads\/2025\/10\/bg_products.webp);background-repeat: no-repeat;\"><\/div><div class=\"l-section-overlay\" style=\"background:rgba(0,0,0,0.7)\"><\/div><div class=\"l-section-h i-cf\"><div class=\"g-cols vc_row via_flex valign_top type_default stacking_default\"><div class=\"vc_col-sm-12 wpb_column vc_column_container\"><div class=\"vc_column-inner\"><div class=\"wpb_wrapper\"><div class=\"g-cols wpb_row us_custom_8c72cf89 via_flex valign_top type_default stacking_default\"><div class=\"vc_col-sm-12 wpb_column vc_column_container\"><div class=\"vc_column-inner\"><div class=\"wpb_wrapper\"><div class=\"w-hwrapper valign_middle wrap stack_on_mobiles align_justify\"><div class=\"w-text us_custom_e9b914e3\"><span class=\"w-text-h\"><span class=\"w-text-value\">Explora formas naturales de aumentar la energ\u00eda<\/span><\/span><\/div><form  class=\"w-order for_list us-field-style_1 change_url_params\" action method=\"post\" onsubmit=\"return false;\"><div class=\"w-order-select\"><select  id=\"us_list_order_l389\" name=\"list_order\" aria-label=\"Orden\"><option value=\"\">\u00daltima publicaci\u00f3n<\/option><option value=\"fecha\">Publicaci\u00f3n m\u00e1s antigua<\/option><\/select><\/div><\/form><\/div><\/div><\/div><\/div><\/div><div class=\"w-separator us_custom_74e066d2 has_text_color size_custom with_line width_default thick_1 style_solid color_text align_center\" style=\"height:2rem\"><div class=\"w-separator-h\"><\/div><\/div><div class=\"g-cols wpb_row via_flex valign_top type_default stacking_default\"><div class=\"vc_col-sm-12 wpb_column vc_column_container\"><div class=\"vc_column-inner\"><div class=\"wpb_wrapper\"><div class=\"w-grid us_custom_6a4f0050 us_post_list type_grid layout_239 cols_3 overflow_hidden preload_style_spinner\" id=\"us_post_list_ab14\" style=\"--columns:3;--gap:1.5rem;\" data-filterable=\"true\"><style>@media (max-width:1024px){#us_post_list_ab14{--columns:2!important}}@media (max-width:600px){#us_post_list_ab14{--columns:1!important}}.layout_239 .w-grid-item-h{background:#333;border-radius:0.8rem;box-shadow:0 0.03rem 0.06rem rgba(0,0,0,0.1),0 0.1rem 0.3rem rgba(0,0,0,0.1);transition-duration:0.3s}.no-touch .layout_239 .w-grid-item-h:hover{box-shadow:0 0.12rem 0.24rem rgba(0,0,0,0.1),0 0.4rem 1.2rem rgba(0,0,0,0.15);z-index:4}.layout_239 .usg_post_image_1{transition-duration:0.3s;transform-origin:50% 50%;transform:scale(1) translate(0%,0%)}.layout_239 .w-grid-item-h:focus-within .usg_post_image_1,.layout_239 .w-grid-item-h:hover .usg_post_image_1{transform:scale(1.1) translate(0%,0%);opacity:1}.layout_239 .usg_post_image_1{border-radius:12px!important}.layout_239 .usg_vwrapper_1{border-radius:12px!important;position:absolute!important;left:0!important;bottom:0!important;right:0!important;background:linear-gradient(180deg,transparent 0%,#000000 100%)!important;padding:15% 7% 7% 7%!important}.layout_239 .usg_post_title_1{color:#fff!important;font-size:1.2rem!important;line-height:40px!important;letter-spacing:3px!important;font-weight:700!important;text-transform:capitalize!important}<\/style><div class=\"w-grid-list\">\t<article class=\"w-grid-item size_1x1 post-1046 post type-post status-publish format-standard has-post-thumbnail hentry category-sin-categorizar\" data-id=\"1046\">\r\n\t\t<div class=\"w-grid-item-h\">\r\n\t\t\t\t\t\t\t<a href=\"https:\/\/eroticmiel.com\/es\/Blog\/como-aumentar-la-resistencia-sexual-de-forma-natural\/\" class=\"w-grid-item-anchor\" aria-label=\"C\u00f3mo aumentar la resistencia sexual de forma natural?\"><\/a>\r\n\t\t\t\t\t\t<div class=\"w-post-elm post_image usg_post_image_1 stretched\"><img loading=\"lazy\" decoding=\"async\" width=\"400\" height=\"510\" src=\"https:\/\/eroticmiel.com\/wp-content\/uploads\/2025\/10\/post_3.webp\" class=\"attachment-full size-full wp-post-image\" alt=\"\" srcset=\"https:\/\/eroticmiel.com\/wp-content\/uploads\/2025\/10\/post_3.webp 400w, https:\/\/eroticmiel.com\/wp-content\/uploads\/2025\/10\/post_3-235x300.webp 235w\" sizes=\"auto, (max-width: 400px) 100vw, 400px\" \/><\/div><div class=\"w-vwrapper usg_vwrapper_1 align_none valign_top\"><h2 class=\"w-post-elm post_title usg_post_title_1 has_text_color entry-title color_link_inherit\">C\u00f3mo aumentar la resistencia sexual de forma natural?<\/h2><\/div>\t\t<\/div>\r\n\t\t\t<\/article>\r\n\t<article class=\"w-grid-item size_1x1 post-1047 post type-post status-publish format-standard has-post-thumbnail hentry category-sin-categorizar\" data-id=\"1047\">\r\n\t\t<div class=\"w-grid-item-h\">\r\n\t\t\t\t\t\t\t<a href=\"https:\/\/eroticmiel.com\/es\/Blog\/que-hace-la-miel-real\/\" class=\"w-grid-item-anchor\" aria-label=\"Qu\u00e9 hace la miel real???\"><\/a>\r\n\t\t\t\t\t\t<div class=\"w-post-elm post_image usg_post_image_1 stretched\"><img loading=\"lazy\" decoding=\"async\" width=\"400\" height=\"510\" src=\"https:\/\/eroticmiel.com\/wp-content\/uploads\/2025\/10\/post_2.webp\" class=\"attachment-full size-full wp-post-image\" alt=\"\" srcset=\"https:\/\/eroticmiel.com\/wp-content\/uploads\/2025\/10\/post_2.webp 400w, https:\/\/eroticmiel.com\/wp-content\/uploads\/2025\/10\/post_2-235x300.webp 235w\" sizes=\"auto, (max-width: 400px) 100vw, 400px\" \/><\/div><div class=\"w-vwrapper usg_vwrapper_1 align_none valign_top\"><h2 class=\"w-post-elm post_title usg_post_title_1 has_text_color entry-title color_link_inherit\">Qu\u00e9 hace la miel real???<\/h2><\/div>\t\t<\/div>\r\n\t\t\t<\/article>\r\n\t<article class=\"w-grid-item size_1x1 post-1048 post type-post status-publish format-standard has-post-thumbnail hentry category-sin-categorizar\" data-id=\"1048\">\r\n\t\t<div class=\"w-grid-item-h\">\r\n\t\t\t\t\t\t\t<a href=\"https:\/\/eroticmiel.com\/es\/Blog\/por-que-se-producen-los-problemas-sexuales-masculinos\/\" class=\"w-grid-item-anchor\" aria-label=\"Por qu\u00e9 se producen los problemas sexuales masculinos?\"><\/a>\r\n\t\t\t\t\t\t<div class=\"w-post-elm post_image usg_post_image_1 stretched\"><img loading=\"lazy\" decoding=\"async\" width=\"400\" height=\"510\" src=\"https:\/\/eroticmiel.com\/wp-content\/uploads\/2025\/10\/post_1.webp\" class=\"attachment-full size-full wp-post-image\" alt=\"\" srcset=\"https:\/\/eroticmiel.com\/wp-content\/uploads\/2025\/10\/post_1.webp 400w, https:\/\/eroticmiel.com\/wp-content\/uploads\/2025\/10\/post_1-235x300.webp 235w\" sizes=\"auto, (max-width: 400px) 100vw, 400px\" \/><\/div><div class=\"w-vwrapper usg_vwrapper_1 align_none valign_top\"><h2 class=\"w-post-elm post_title usg_post_title_1 has_text_color entry-title color_link_inherit\">Por qu\u00e9 se producen los problemas sexuales masculinos?<\/h2><\/div>\t\t<\/div>\r\n\t\t\t<\/article>\r\n<\/div><div class=\"g-loadmore hidden\"><div class=\"g-preloader type_5\"><div><\/div><\/div><\/div><div class=\"w-grid-list-json hidden\" onclick='return {&quot;max_num_pages&quot;:0,&quot;pagination&quot;:&quot;none&quot;,&quot;paged&quot;:1,&quot;ajaxData&quot;:{&quot;action&quot;:&quot;us_ajax_post_list&quot;,&quot;meta_type&quot;:&quot;post&quot;,&quot;object_id&quot;:0,&quot;template_vars&quot;:{&quot;paged&quot;:1,&quot;max_num_pages&quot;:0,&quot;no_results&quot;:false,&quot;source&quot;:&quot;all&quot;,&quot;ids&quot;:&quot;&quot;,&quot;post_type&quot;:&quot;post&quot;,&quot;attachment_ids&quot;:null,&quot;include_post_thumbnail&quot;:0,&quot;post_author&quot;:&quot;any&quot;,&quot;post_author_ids&quot;:&quot;&quot;,&quot;apply_url_params&quot;:0,&quot;exclude_children&quot;:0,&quot;exclude_current_post&quot;:1,&quot;exclude_prev_posts&quot;:0,&quot;enable_items_offset&quot;:0,&quot;items_offset&quot;:&quot;1&quot;,&quot;tax_query_relation&quot;:&quot;none&quot;,&quot;tax_query&quot;:[{&quot;operator&quot;:&quot;IN&quot;,&quot;taxonomy&quot;:&quot;category&quot;,&quot;terms&quot;:&quot;&quot;,&quot;include_children&quot;:0}],&quot;meta_query_relation&quot;:&quot;none&quot;,&quot;meta_query&quot;:[{&quot;key&quot;:&quot;custom_field_name&quot;,&quot;compare&quot;:&quot;=&quot;,&quot;value&quot;:&quot;&quot;}],&quot;orderby&quot;:&quot;date&quot;,&quot;orderby_custom_field&quot;:&quot;&quot;,&quot;orderby_custom_type&quot;:0,&quot;order_invert&quot;:&quot;1&quot;,&quot;show_all&quot;:0,&quot;quantity&quot;:&quot;12&quot;,&quot;posts_per_archive_page&quot;:0,&quot;no_items_action&quot;:&quot;message&quot;,&quot;no_items_message&quot;:&quot;No se han encontrado resultados.&quot;,&quot;no_items_page_block&quot;:&quot;&quot;,&quot;pagination&quot;:&quot;none&quot;,&quot;pagination_style&quot;:&quot;&quot;,&quot;pagination_btn_text&quot;:&quot;Cargar m\\u00e1s&quot;,&quot;pagination_btn_size&quot;:&quot;&quot;,&quot;pagination_btn_style&quot;:&quot;1&quot;,&quot;pagination_btn_fullwidth&quot;:0,&quot;items_layout&quot;:&quot;239&quot;,&quot;type&quot;:&quot;grid&quot;,&quot;items_valign&quot;:0,&quot;ignore_items_size&quot;:0,&quot;columns&quot;:&quot;3&quot;,&quot;items_gap&quot;:&quot;1.5rem&quot;,&quot;load_animation&quot;:&quot;none&quot;,&quot;items_preload_style&quot;:&quot;spinner&quot;,&quot;img_size&quot;:&quot;default&quot;,&quot;title_size&quot;:&quot;&quot;,&quot;items_ratio&quot;:&quot;default&quot;,&quot;items_ratio_width&quot;:&quot;21&quot;,&quot;items_ratio_height&quot;:&quot;9&quot;,&quot;overriding_link&quot;:&quot;%7B%22type%22%3A%22post%22%7D&quot;,&quot;popup_width&quot;:&quot;&quot;,&quot;popup_arrows&quot;:1,&quot;breakpoint_1_width&quot;:&quot;1381px&quot;,&quot;breakpoint_1_cols&quot;:&quot;default&quot;,&quot;breakpoint_1_quantity&quot;:&quot;&quot;,&quot;breakpoint_1_gap&quot;:&quot;&quot;,&quot;breakpoint_2_width&quot;:&quot;1025px&quot;,&quot;breakpoint_2_cols&quot;:&quot;2&quot;,&quot;breakpoint_2_quantity&quot;:&quot;&quot;,&quot;breakpoint_2_gap&quot;:&quot;&quot;,&quot;breakpoint_3_width&quot;:&quot;601px&quot;,&quot;breakpoint_3_cols&quot;:&quot;1&quot;,&quot;breakpoint_3_quantity&quot;:&quot;&quot;,&quot;breakpoint_3_gap&quot;:&quot;&quot;,&quot;conditions_operator&quot;:&quot;always&quot;,&quot;conditions&quot;:[],&quot;css&quot;:&quot;%7B%22default%22%3A%7B%22margin-top%22%3A%221.2rem%22%7D%7D&quot;,&quot;el_class&quot;:&quot;&quot;,&quot;el_id&quot;:&quot;&quot;,&quot;enable_custom_html_atts&quot;:0,&quot;custom_html_atts&quot;:null,&quot;hide_on_states&quot;:&quot;&quot;,&quot;hide_for_sticky&quot;:0,&quot;hide_for_not_sticky&quot;:0,&quot;hide_below&quot;:&quot;0px&quot;,&quot;hide_above&quot;:&quot;0px&quot;,&quot;classes&quot;:&quot; us_custom_6a4f0050&quot;,&quot;design_css_class&quot;:&quot;us_custom_6a4f0050&quot;}},&quot;facetedFilter&quot;:[]}'><\/div><\/div><\/div><\/div><\/div><\/div><\/div><\/div><\/div><\/div><\/div><\/section>\n","protected":false},"excerpt":{"rendered":"Los problemas sexuales masculinos son mucho m\u00e1s comunes de lo que la mayor\u00eda cree y pueden afectar a hombres de todas las edades. Estos problemas \u2014como la baja libido, la disfunci\u00f3n er\u00e9ctil o la eyaculaci\u00f3n precoz\u2014 suelen deberse a una compleja combinaci\u00f3n de factores f\u00edsicos, psicol\u00f3gicos y relacionados con el estilo de vida. Comprender las...","protected":false},"author":1,"featured_media":0,"parent":0,"menu_order":0,"comment_status":"closed","ping_status":"closed","template":"","meta":{"inline_featured_image":false,"footnotes":""},"class_list":["post-1057","page","type-page","status-publish","hentry"],"_links":{"self":[{"href":"https:\/\/eroticmiel.com\/es\/wp-json\/wp\/v2\/pages\/1057","targetHints":{"allow":["GET"]}}],"collection":[{"href":"https:\/\/eroticmiel.com\/es\/wp-json\/wp\/v2\/pages"}],"about":[{"href":"https:\/\/eroticmiel.com\/es\/wp-json\/wp\/v2\/types\/page"}],"author":[{"embeddable":true,"href":"https:\/\/eroticmiel.com\/es\/wp-json\/wp\/v2\/users\/1"}],"replies":[{"embeddable":true,"href":"https:\/\/eroticmiel.com\/es\/wp-json\/wp\/v2\/comments?post=1057"}],"version-history":[{"count":3,"href":"https:\/\/eroticmiel.com\/es\/wp-json\/wp\/v2\/pages\/1057\/revisions"}],"predecessor-version":[{"id":1265,"href":"https:\/\/eroticmiel.com\/es\/wp-json\/wp\/v2\/pages\/1057\/revisions\/1265"}],"wp:attachment":[{"href":"https:\/\/eroticmiel.com\/es\/wp-json\/wp\/v2\/media?parent=1057"}],"curies":[{"name":"wp","href":"https:\/\/api.w.org\/{rel}","templated":true}]}}