{"id":1081,"date":"2025-10-13T20:32:23","date_gmt":"2025-10-13T20:32:23","guid":{"rendered":"https:\/\/eroticmiel.com\/product\/miel-erotica-lujuriosa-felicidad-de-mujeres\/"},"modified":"2025-10-13T20:32:23","modified_gmt":"2025-10-13T20:32:23","slug":"miel-erotica-lujuriosa-felicidad-de-mujeres","status":"publish","type":"product","link":"https:\/\/eroticmiel.com\/es\/product\/miel-erotica-lujuriosa-felicidad-de-mujeres\/","title":{"rendered":"miel er\u00f3tica lujuriosa felicidad de mujeres"},"content":{"rendered":"<h3 data-start=\"119\" data-end=\"169\"><strong data-start=\"126\" data-end=\"169\">Miel Er\u00f3tico \u2013 La Felicidad de las Mujeres Lujuriosas<\/strong><\/h3>\n<p data-start=\"171\" data-end=\"234\"><strong data-start=\"171\" data-end=\"232\">Despierta tu deseo interior. Equilibrio, vitalidad y confianza. <\/strong><\/p>\n<p data-start=\"236\" data-end=\"594\">Erotic Miel presenta Felicidad Femenina Apasionada, una lujosa mezcla de miel pura y extractos bot\u00e1nicos naturales, especialmente formulada para potenciar la energ\u00eda sensual, el estado de \u00e1nimo y el bienestar general de la mujer. Dise\u00f1ado para despertar el deseo y aumentar el placer, este suplemento ayuda a restablecer el equilibrio, mejorar la energ\u00eda y promover la vitalidad femenina de forma natural. <\/p>\n<p data-start=\"596\" data-end=\"615\"><strong data-start=\"596\" data-end=\"613\">Beneficios clave:<\/strong><\/p>\n<ul data-start=\"616\" data-end=\"819\">\n<li data-start=\"616\" data-end=\"653\">\n<p data-start=\"618\" data-end=\"653\">\ud83c\udf38 Potencia la sensualidad y el deseo<\/p>\n<\/li>\n<li data-start=\"654\" data-end=\"697\">\n<p data-start=\"656\" data-end=\"697\">\ud83d\udcab Mejora el estado de \u00e1nimo y el bienestar emocional<\/p>\n<\/li>\n<li data-start=\"698\" data-end=\"740\">\n<p data-start=\"700\" data-end=\"740\">\ud83c\udf3f Favorece el equilibrio hormonal de forma natural<\/p>\n<\/li>\n<li data-start=\"741\" data-end=\"776\">\n<p data-start=\"743\" data-end=\"776\">\u26a1 Aumenta la energ\u00eda y la vitalidad<\/p>\n<\/li>\n<li data-start=\"777\" data-end=\"819\">\n<p data-start=\"779\" data-end=\"819\">\ud83c\udf6f Mezcla de miel y hierbas 100% natural<\/p>\n<\/li>\n<\/ul>\n<p data-start=\"821\" data-end=\"971\">Modo de empleo: Tomar un sobre (10 g) al d\u00eda o 30 minutos antes de la actividad sexual deseada.<br data-start=\"836\" data-end=\"839\">Para obtener mejores resultados, se recomienda combinarlo con una dieta y un estilo de vida saludables.<\/p>\n<p data-start=\"973\" data-end=\"1113\">Ingredientes: Miel pura, ginseng, ra\u00edz de maca, jalea real, azafr\u00e1n y otras hierbas naturales conocidas por mejorar la vitalidad y el estado de \u00e1nimo de la mujer.<\/p>\n<p data-start=\"1115\" data-end=\"1165\">Presentaci\u00f3n: Caja de 6 sobres (10 g cada uno)<\/p>\n","protected":false},"excerpt":{"rendered":"<p data-start=\"171\" data-end=\"234\"><strong data-start=\"171\" data-end=\"232\">Despierta tu deseo interior. Equilibrio, vitalidad y confianza. <\/strong><\/p>\n<p data-start=\"236\" data-end=\"594\">Erotic Miel presenta Felicidad Femenina Apasionada, una lujosa mezcla de miel pura y extractos bot\u00e1nicos naturales, especialmente formulada para potenciar la energ\u00eda sensual, el estado de \u00e1nimo y el bienestar general de la mujer. Dise\u00f1ado para despertar el deseo y aumentar el placer, este suplemento ayuda a restablecer el equilibrio, mejorar la energ\u00eda y promover la vitalidad femenina de forma natural. <\/p>\n","protected":false},"featured_media":720,"comment_status":"open","ping_status":"closed","template":"","meta":{"inline_featured_image":false},"product_brand":[],"product_cat":[41],"product_tag":[],"class_list":{"0":"post-1081","1":"product","2":"type-product","3":"status-publish","4":"has-post-thumbnail","6":"product_cat-para-ella","8":"first","9":"instock","10":"sale","11":"shipping-taxable","12":"purchasable","13":"product-type-simple"},"_links":{"self":[{"href":"https:\/\/eroticmiel.com\/es\/wp-json\/wp\/v2\/product\/1081","targetHints":{"allow":["GET"]}}],"collection":[{"href":"https:\/\/eroticmiel.com\/es\/wp-json\/wp\/v2\/product"}],"about":[{"href":"https:\/\/eroticmiel.com\/es\/wp-json\/wp\/v2\/types\/product"}],"replies":[{"embeddable":true,"href":"https:\/\/eroticmiel.com\/es\/wp-json\/wp\/v2\/comments?post=1081"}],"wp:featuredmedia":[{"embeddable":true,"href":"https:\/\/eroticmiel.com\/es\/wp-json\/wp\/v2\/media\/720"}],"wp:attachment":[{"href":"https:\/\/eroticmiel.com\/es\/wp-json\/wp\/v2\/media?parent=1081"}],"wp:term":[{"taxonomy":"product_brand","embeddable":true,"href":"https:\/\/eroticmiel.com\/es\/wp-json\/wp\/v2\/product_brand?post=1081"},{"taxonomy":"product_cat","embeddable":true,"href":"https:\/\/eroticmiel.com\/es\/wp-json\/wp\/v2\/product_cat?post=1081"},{"taxonomy":"product_tag","embeddable":true,"href":"https:\/\/eroticmiel.com\/es\/wp-json\/wp\/v2\/product_tag?post=1081"}],"curies":[{"name":"wp","href":"https:\/\/api.w.org\/{rel}","templated":true}]}}