{"id":1132,"date":"2025-10-13T20:40:17","date_gmt":"2025-10-13T20:40:17","guid":{"rendered":"https:\/\/eroticmiel.com\/product\/erotic-miel-el-elixir-dorado\/"},"modified":"2025-10-13T20:40:17","modified_gmt":"2025-10-13T20:40:17","slug":"erotic-miel-el-elixir-dorado","status":"publish","type":"product","link":"https:\/\/eroticmiel.com\/pt-pt\/product\/erotic-miel-el-elixir-dorado\/","title":{"rendered":"Erotic Miel EL ELIXIR DORADO"},"content":{"rendered":"<h3 data-start=\"153\" data-end=\"195\"><strong data-start=\"159\" data-end=\"193\">Erotic Miel \u2013 El Elixir Dorado<\/strong><\/h3>\n<p data-start=\"196\" data-end=\"228\"><strong data-start=\"196\" data-end=\"228\">Suplementos para o aumento da pot\u00eancia masculina<\/strong><\/p>\n<p data-start=\"230\" data-end=\"286\"><strong data-start=\"230\" data-end=\"284\">O Elixir Dourado do Poder, da Paix\u00e3o e da Performance.<\/strong><\/p>\n<p data-start=\"288\" data-end=\"665\">Experimente a vitalidade m\u00e1xima com o Erotic Miel \u2013 El Elixir Dorado, uma fus\u00e3o premium de mel verdadeiro e ervas naturais poderosas, criada para aumentar a for\u00e7a, a resist\u00eancia e o desejo masculino. Inspirado nas tradi\u00e7\u00f5es ancestrais e enriquecido com energia dourada, este suplemento ajuda a aumentar a resist\u00eancia, a promover a circula\u00e7\u00e3o sangu\u00ednea e a reacender a paix\u00e3o \u2014 de forma natural e eficaz. <\/p>\n<p data-start=\"667\" data-end=\"686\"><strong data-start=\"667\" data-end=\"684\">Principais benef\u00edcios:<\/strong><\/p>\n<ul data-start=\"687\" data-end=\"927\">\n<li data-start=\"687\" data-end=\"727\">\n<p data-start=\"689\" data-end=\"727\">\u26a1 Aumenta a resist\u00eancia e os n\u00edveis de energia<\/p>\n<\/li>\n<li data-start=\"728\" data-end=\"775\">\n<p data-start=\"730\" data-end=\"775\">\ud83d\udcaa Favorece a produ\u00e7\u00e3o natural de testosterona<\/p>\n<\/li>\n<li data-start=\"776\" data-end=\"829\">\n<p data-start=\"778\" data-end=\"829\">\ud83d\udd25 Melhora o desempenho, a vitalidade e a confian\u00e7a<\/p>\n<\/li>\n<li data-start=\"830\" data-end=\"886\">\n<p data-start=\"832\" data-end=\"886\">\ud83c\udf6f Infundido com mel real puro e extratos de ervas<\/p>\n<\/li>\n<li data-start=\"887\" data-end=\"927\">\n<p data-start=\"889\" data-end=\"927\">\ud83c\udf3f 100% natural, seguro e eficaz<\/p>\n<\/li>\n<\/ul>\n<p data-start=\"929\" data-end=\"1063\">Modo de utiliza\u00e7\u00e3o:<br data-start=\"944\" data-end=\"947\">Tome uma saqueta (10 g) 30 a 45 minutos antes da atividade f\u00edsica ou conforme necess\u00e1rio.<br data-start=\"1016\" data-end=\"1019\">Utilize regularmente para obter resultados duradouros.<\/p>\n<p data-start=\"1065\" data-end=\"1182\">Ingredientes:<br data-start=\"1081\" data-end=\"1084\">Mel puro, tongkat ali, ginseng, geleia real, raiz de maca e outros estimulantes de desempenho \u00e0 base de plantas.<\/p>\n<p data-start=\"1184\" data-end=\"1234\"><strong data-start=\"1184\" data-end=\"1198\">Embalagem:<br data-start=\"1198\" data-end=\"1201\">Caixa com 6 saquetas (10g cada)Packaging:<\/strong><br \/>Box of <strong data-start=\"1208\" data-end=\"1232\">6 sachets (10g each)<\/strong><\/p>\n","protected":false},"excerpt":{"rendered":"<p data-start=\"230\" data-end=\"286\"><strong data-start=\"230\" data-end=\"284\">O Elixir Dourado do Poder, da Paix\u00e3o e da Performance.<\/strong><\/p>\n<p data-start=\"288\" data-end=\"665\">Experimente a vitalidade m\u00e1xima com o Erotic Miel \u2013 El Elixir Dorado, uma fus\u00e3o premium de mel verdadeiro e ervas naturais poderosas, criada para aumentar a for\u00e7a, a resist\u00eancia e o desejo masculino. Inspirado nas tradi\u00e7\u00f5es ancestrais e enriquecido com energia dourada, este suplemento ajuda a aumentar a resist\u00eancia, a promover a circula\u00e7\u00e3o sangu\u00ednea e a reacender a paix\u00e3o \u2014 de forma natural e eficaz. <\/p>\n","protected":false},"featured_media":730,"comment_status":"open","ping_status":"closed","template":"","meta":{"inline_featured_image":false},"product_brand":[],"product_cat":[44],"product_tag":[],"class_list":{"0":"post-1132","1":"product","2":"type-product","3":"status-publish","4":"has-post-thumbnail","6":"product_cat-para-ele","8":"first","9":"instock","10":"sale","11":"shipping-taxable","12":"purchasable","13":"product-type-simple"},"_links":{"self":[{"href":"https:\/\/eroticmiel.com\/pt-pt\/wp-json\/wp\/v2\/product\/1132","targetHints":{"allow":["GET"]}}],"collection":[{"href":"https:\/\/eroticmiel.com\/pt-pt\/wp-json\/wp\/v2\/product"}],"about":[{"href":"https:\/\/eroticmiel.com\/pt-pt\/wp-json\/wp\/v2\/types\/product"}],"replies":[{"embeddable":true,"href":"https:\/\/eroticmiel.com\/pt-pt\/wp-json\/wp\/v2\/comments?post=1132"}],"wp:featuredmedia":[{"embeddable":true,"href":"https:\/\/eroticmiel.com\/pt-pt\/wp-json\/wp\/v2\/media\/730"}],"wp:attachment":[{"href":"https:\/\/eroticmiel.com\/pt-pt\/wp-json\/wp\/v2\/media?parent=1132"}],"wp:term":[{"taxonomy":"product_brand","embeddable":true,"href":"https:\/\/eroticmiel.com\/pt-pt\/wp-json\/wp\/v2\/product_brand?post=1132"},{"taxonomy":"product_cat","embeddable":true,"href":"https:\/\/eroticmiel.com\/pt-pt\/wp-json\/wp\/v2\/product_cat?post=1132"},{"taxonomy":"product_tag","embeddable":true,"href":"https:\/\/eroticmiel.com\/pt-pt\/wp-json\/wp\/v2\/product_tag?post=1132"}],"curies":[{"name":"wp","href":"https:\/\/api.w.org\/{rel}","templated":true}]}}