{"id":1133,"date":"2025-10-13T20:38:16","date_gmt":"2025-10-13T20:38:16","guid":{"rendered":"https:\/\/eroticmiel.com\/product\/suplementos-eroticos-miel-para-o-aumento-da-sensacao-feminina\/"},"modified":"2025-10-13T20:38:16","modified_gmt":"2025-10-13T20:38:16","slug":"suplementos-eroticos-miel-para-o-aumento-da-sensacao-feminina","status":"publish","type":"product","link":"https:\/\/eroticmiel.com\/pt-pt\/product\/suplementos-eroticos-miel-para-o-aumento-da-sensacao-feminina\/","title":{"rendered":"Suplementos Er\u00f3ticos Miel para o Aumento da Sensa\u00e7\u00e3o Feminina"},"content":{"rendered":"<h3 data-start=\"154\" data-end=\"191\"><strong data-start=\"161\" data-end=\"189\">Erotic Miel \u2013 Sexy Women<\/strong><\/h3>\n<p data-start=\"192\" data-end=\"226\"><strong data-start=\"192\" data-end=\"226\">Suplementos para o aumento da libido feminina<\/strong><\/p>\n<p data-start=\"228\" data-end=\"298\"><strong data-start=\"228\" data-end=\"296\">Empodere a sua feminilidade. Sinta-se confiante, bonita e desejada. <\/strong><\/p>\n<p data-start=\"300\" data-end=\"601\">Erotic Miel \u2013 Sexy Women \u00e9 uma mistura premium de mel verdadeiro puro e extratos naturais de ervas, especialmente formulada para aumentar a energia sensual feminina, equilibrar o humor e promover o bem-estar hormonal. Este suplemento luxuoso ajuda-o a redescobrir a confian\u00e7a, a vitalidade e o prazer \u2014 de forma natural. <\/p>\n<p data-start=\"300\" data-end=\"601\">\n<p data-start=\"603\" data-end=\"622\"><strong data-start=\"603\" data-end=\"620\">Principais benef\u00edcios:<\/strong><\/p>\n<ul data-start=\"623\" data-end=\"855\">\n<li data-start=\"623\" data-end=\"670\">\n<p data-start=\"625\" data-end=\"670\">\ud83c\udf38 Aumenta o desejo e a satisfa\u00e7\u00e3o sensual<\/p>\n<\/li>\n<li data-start=\"671\" data-end=\"722\">\n<p data-start=\"673\" data-end=\"722\">\ud83d\udcab Promove o equil\u00edbrio hormonal e a estabilidade do humor<\/p>\n<\/li>\n<li data-start=\"723\" data-end=\"763\">\n<p data-start=\"725\" data-end=\"763\">\u26a1 Aumenta a energia, o foco e a vitalidade<\/p>\n<\/li>\n<li data-start=\"764\" data-end=\"826\">\n<p data-start=\"766\" data-end=\"826\">\ud83c\udf6f Enriquecido com mel verdadeiro e ervas afrodis\u00edacas naturais<\/p>\n<\/li>\n<li data-start=\"827\" data-end=\"855\">\n<p data-start=\"829\" data-end=\"855\">\ud83c\udf3f 100% natural e seguro<\/p>\n<\/li>\n<\/ul>\n<p data-start=\"857\" data-end=\"1017\">Modo de utiliza\u00e7\u00e3o:<br data-start=\"872\" data-end=\"875\">Tome uma saqueta (10 g) por dia ou 30 minutos antes do efeito desejado.<br data-start=\"943\" data-end=\"946\">Para melhores resultados, utilize regularmente e mantenha um estilo de vida saud\u00e1vel.<\/p>\n<p data-start=\"1019\" data-end=\"1166\">Ingredientes:<br data-start=\"1035\" data-end=\"1038\">Mel puro, raiz de maca, ginseng, a\u00e7afr\u00e3o, geleia real e outras ervas naturais conhecidas por promoverem a vitalidade e o bem-estar feminino.<\/p>\n<p data-start=\"1168\" data-end=\"1218\">Embalagem:<br data-start=\"1182\" data-end=\"1185\">Caixa com 6 saquetas (10g cada)<\/p>\n","protected":false},"excerpt":{"rendered":"<p data-start=\"300\" data-end=\"601\">Erotic Miel \u2013 Sexy Women \u00e9 uma mistura premium de mel verdadeiro puro e extratos naturais de ervas, especialmente formulada para aumentar a energia sensual feminina, equilibrar o humor e promover o bem-estar hormonal. Este suplemento luxuoso ajuda-o a redescobrir a confian\u00e7a, a vitalidade e o prazer \u2014 de forma natural. <\/p>\n","protected":false},"featured_media":726,"comment_status":"open","ping_status":"closed","template":"","meta":{"inline_featured_image":false},"product_brand":[],"product_cat":[45],"product_tag":[],"class_list":{"0":"post-1133","1":"product","2":"type-product","3":"status-publish","4":"has-post-thumbnail","6":"product_cat-para-ela","8":"first","9":"instock","10":"shipping-taxable","11":"purchasable","12":"product-type-simple"},"_links":{"self":[{"href":"https:\/\/eroticmiel.com\/pt-pt\/wp-json\/wp\/v2\/product\/1133","targetHints":{"allow":["GET"]}}],"collection":[{"href":"https:\/\/eroticmiel.com\/pt-pt\/wp-json\/wp\/v2\/product"}],"about":[{"href":"https:\/\/eroticmiel.com\/pt-pt\/wp-json\/wp\/v2\/types\/product"}],"replies":[{"embeddable":true,"href":"https:\/\/eroticmiel.com\/pt-pt\/wp-json\/wp\/v2\/comments?post=1133"}],"wp:featuredmedia":[{"embeddable":true,"href":"https:\/\/eroticmiel.com\/pt-pt\/wp-json\/wp\/v2\/media\/726"}],"wp:attachment":[{"href":"https:\/\/eroticmiel.com\/pt-pt\/wp-json\/wp\/v2\/media?parent=1133"}],"wp:term":[{"taxonomy":"product_brand","embeddable":true,"href":"https:\/\/eroticmiel.com\/pt-pt\/wp-json\/wp\/v2\/product_brand?post=1133"},{"taxonomy":"product_cat","embeddable":true,"href":"https:\/\/eroticmiel.com\/pt-pt\/wp-json\/wp\/v2\/product_cat?post=1133"},{"taxonomy":"product_tag","embeddable":true,"href":"https:\/\/eroticmiel.com\/pt-pt\/wp-json\/wp\/v2\/product_tag?post=1133"}],"curies":[{"name":"wp","href":"https:\/\/api.w.org\/{rel}","templated":true}]}}