{"id":1134,"date":"2025-10-13T20:35:15","date_gmt":"2025-10-13T20:35:15","guid":{"rendered":"https:\/\/eroticmiel.com\/product\/platinume-extreme-male-enhancement\/"},"modified":"2025-10-13T20:35:15","modified_gmt":"2025-10-13T20:35:15","slug":"platinume-extreme-male-enhancement","status":"publish","type":"product","link":"https:\/\/eroticmiel.com\/pt-pt\/product\/platinume-extreme-male-enhancement\/","title":{"rendered":"Platinume Extreme Male Enhancement"},"content":{"rendered":"<h3 data-start=\"212\" data-end=\"258\"><strong data-start=\"219\" data-end=\"258\">Platinum Extreme \u2013 Male Enhancement<\/strong><\/h3>\n<p data-start=\"260\" data-end=\"328\"><strong data-start=\"260\" data-end=\"326\">Liberte todo o seu potencial. For\u00e7a \u2022 Paix\u00e3o \u2022 Desempenho. <\/strong><\/p>\n<p data-start=\"330\" data-end=\"646\">Experimente a pot\u00eancia incompar\u00e1vel do Platinum Extreme, um suplemento premium para o aumento da pot\u00eancia masculina \u00e0 base de mel austr\u00edaco, desenvolvido para melhorar a resist\u00eancia, a energia e a confian\u00e7a. Esta f\u00f3rmula avan\u00e7ada combina mel puro com ervas naturais poderosas para promover uma maior resist\u00eancia, um melhor fluxo sangu\u00edneo e vitalidade geral. <\/p>\n<p data-start=\"648\" data-end=\"667\"><strong data-start=\"648\" data-end=\"665\">Principais benef\u00edcios:<\/strong><\/p>\n<ul data-start=\"668\" data-end=\"889\">\n<li data-start=\"668\" data-end=\"707\">\n<p data-start=\"670\" data-end=\"707\">\u26a1 Aumenta a resist\u00eancia e o desempenho<\/p>\n<\/li>\n<li data-start=\"708\" data-end=\"751\">\n<p data-start=\"710\" data-end=\"751\">\ud83d\udcaa Supports natural testosterone levels<\/p>\n<\/li>\n<li data-start=\"752\" data-end=\"798\">\n<p data-start=\"754\" data-end=\"798\">\ud83d\udd25 Aumenta a energia, o desejo e a confian\u00e7a<\/p>\n<\/li>\n<li data-start=\"799\" data-end=\"855\">\n<p data-start=\"801\" data-end=\"855\">\ud83c\udf3f Feito com mel austr\u00edaco puro e extratos de ervas<\/p>\n<\/li>\n<li data-start=\"856\" data-end=\"889\">\n<p data-start=\"858\" data-end=\"889\">\ud83c\udf6f 100% natural e eficaz<\/p>\n<\/li>\n<\/ul>\n<p data-start=\"891\" data-end=\"1049\">Modo de utiliza\u00e7\u00e3o:<br data-start=\"906\" data-end=\"909\">Tome uma saqueta (10 g) 30 a 45 minutos antes da atividade f\u00edsica ou conforme necess\u00e1rio.<br data-start=\"978\" data-end=\"981\">Para melhores resultados, utilize regularmente e mantenha um estilo de vida equilibrado.<\/p>\n<p data-start=\"1051\" data-end=\"1176\">Ingredientes:<br data-start=\"1067\" data-end=\"1070\">Mel puro, ginseng, tongkat ali, geleia real, raiz de maca e outras ervas naturais que melhoram o desempenho.<\/p>\n<p data-start=\"1178\" data-end=\"1228\">Embalagem:<br data-start=\"1192\" data-end=\"1195\">Caixa com 6 saquetas (10g cada)<\/p>\n","protected":false},"excerpt":{"rendered":"<p data-start=\"260\" data-end=\"328\"><strong data-start=\"260\" data-end=\"326\">Liberte todo o seu potencial. For\u00e7a \u2022 Paix\u00e3o \u2022 Desempenho. <\/strong><\/p>\n<p data-start=\"330\" data-end=\"646\">Experimente a pot\u00eancia incompar\u00e1vel do Platinum Extreme, um suplemento premium para o aumento da pot\u00eancia masculina \u00e0 base de mel austr\u00edaco, desenvolvido para melhorar a resist\u00eancia, a energia e a confian\u00e7a. Esta f\u00f3rmula avan\u00e7ada combina mel puro com ervas naturais poderosas para promover uma maior resist\u00eancia, um melhor fluxo sangu\u00edneo e vitalidade geral. <\/p>\n","protected":false},"featured_media":722,"comment_status":"open","ping_status":"closed","template":"","meta":{"inline_featured_image":false},"product_brand":[],"product_cat":[44],"product_tag":[],"class_list":{"0":"post-1134","1":"product","2":"type-product","3":"status-publish","4":"has-post-thumbnail","6":"product_cat-para-ele","8":"first","9":"instock","10":"shipping-taxable","11":"purchasable","12":"product-type-simple"},"_links":{"self":[{"href":"https:\/\/eroticmiel.com\/pt-pt\/wp-json\/wp\/v2\/product\/1134","targetHints":{"allow":["GET"]}}],"collection":[{"href":"https:\/\/eroticmiel.com\/pt-pt\/wp-json\/wp\/v2\/product"}],"about":[{"href":"https:\/\/eroticmiel.com\/pt-pt\/wp-json\/wp\/v2\/types\/product"}],"replies":[{"embeddable":true,"href":"https:\/\/eroticmiel.com\/pt-pt\/wp-json\/wp\/v2\/comments?post=1134"}],"wp:featuredmedia":[{"embeddable":true,"href":"https:\/\/eroticmiel.com\/pt-pt\/wp-json\/wp\/v2\/media\/722"}],"wp:attachment":[{"href":"https:\/\/eroticmiel.com\/pt-pt\/wp-json\/wp\/v2\/media?parent=1134"}],"wp:term":[{"taxonomy":"product_brand","embeddable":true,"href":"https:\/\/eroticmiel.com\/pt-pt\/wp-json\/wp\/v2\/product_brand?post=1134"},{"taxonomy":"product_cat","embeddable":true,"href":"https:\/\/eroticmiel.com\/pt-pt\/wp-json\/wp\/v2\/product_cat?post=1134"},{"taxonomy":"product_tag","embeddable":true,"href":"https:\/\/eroticmiel.com\/pt-pt\/wp-json\/wp\/v2\/product_tag?post=1134"}],"curies":[{"name":"wp","href":"https:\/\/api.w.org\/{rel}","templated":true}]}}