{"id":1136,"date":"2025-10-13T20:29:04","date_gmt":"2025-10-13T20:29:04","guid":{"rendered":"https:\/\/eroticmiel.com\/product\/suplemento-para-o-aumento-da-libido-liger-da-eroticmiel-para-homens\/"},"modified":"2025-10-13T20:29:04","modified_gmt":"2025-10-13T20:29:04","slug":"suplemento-para-o-aumento-da-libido-liger-da-eroticmiel-para-homens","status":"publish","type":"product","link":"https:\/\/eroticmiel.com\/pt-pt\/product\/suplemento-para-o-aumento-da-libido-liger-da-eroticmiel-para-homens\/","title":{"rendered":"Suplemento para o aumento da libido Liger da eroticmiel para homens"},"content":{"rendered":"<h3 data-start=\"123\" data-end=\"184\"><strong data-start=\"130\" data-end=\"184\">EroticMiel \u2013 Suplemento para o aumento da libido masculina<\/strong><\/h3>\n<p data-start=\"186\" data-end=\"249\"><strong data-start=\"186\" data-end=\"247\">Liberte o poder interior. For\u00e7a, resist\u00eancia e confian\u00e7a. <\/strong><\/p>\n<p data-start=\"251\" data-end=\"564\">A Erotic Miel apresenta Liger, uma poderosa f\u00f3rmula para o aumento da pot\u00eancia masculina inspirada na for\u00e7a do le\u00e3o e na resist\u00eancia do tigre. Este suplemento premium combina mel verdadeiro com ervas naturais potentes para ajudar a aumentar a energia, melhorar o desempenho e aumentar a vitalidade \u2014 de forma natural e eficaz. <\/p>\n<p data-start=\"566\" data-end=\"585\"><strong data-start=\"566\" data-end=\"583\">Principais benef\u00edcios:<\/strong><\/p>\n<ul data-start=\"586\" data-end=\"813\">\n<li data-start=\"586\" data-end=\"629\">\n<p data-start=\"588\" data-end=\"629\">\u26a1 Aumenta a resist\u00eancia f\u00edsica e o vigor<\/p>\n<\/li>\n<li data-start=\"630\" data-end=\"676\">\n<p data-start=\"632\" data-end=\"676\">\ud83d\udd25 Aumenta a libido e o desempenho geral<\/p>\n<\/li>\n<li data-start=\"677\" data-end=\"721\">\n<p data-start=\"679\" data-end=\"721\">\ud83d\udcaa Promove o suporte natural \u00e0 testosterona<\/p>\n<\/li>\n<li data-start=\"722\" data-end=\"765\">\n<p data-start=\"724\" data-end=\"765\">\ud83c\udf3f Melhora a energia, o foco e a vitalidade<\/p>\n<\/li>\n<li data-start=\"766\" data-end=\"813\">\n<p data-start=\"768\" data-end=\"813\">\ud83c\udf6f Feito com mel puro e extratos de ervas<\/p>\n<\/li>\n<\/ul>\n<p data-start=\"815\" data-end=\"974\">Modo de utiliza\u00e7\u00e3o:<br data-start=\"830\" data-end=\"833\">Consuma uma saqueta (10 g) cerca de 30 a 45 minutos antes da atividade f\u00edsica.<br data-start=\"898\" data-end=\"901\">Para obter benef\u00edcios cont\u00ednuos, utilize regularmente e mantenha um estilo de vida equilibrado.<\/p>\n<p data-start=\"976\" data-end=\"1100\">Ingredientes:<br data-start=\"992\" data-end=\"995\">Mel puro, extrato de ginseng, tongkat ali, geleia real, raiz de maca e outros intensificadores de sabor \u00e0 base de ervas tradicionais.<\/p>\n<p data-start=\"1102\" data-end=\"1152\">Embalagem:<br data-start=\"1116\" data-end=\"1119\">Caixa com 6 saquetas (10g cada)<\/p>\n","protected":false},"excerpt":{"rendered":"<p data-start=\"186\" data-end=\"249\"><strong data-start=\"186\" data-end=\"247\">Liberte o poder interior. For\u00e7a, resist\u00eancia e confian\u00e7a. <\/strong><\/p>\n<p data-start=\"251\" data-end=\"564\">A Erotic Miel apresenta Liger, uma f\u00f3rmula poderosa para o aumento da pot\u00eancia masculina inspirada na for\u00e7a do le\u00e3o e na resist\u00eancia do tigre. Este suplemento premium combina o mel verdadeiro com ervas naturais potentes para ajudar a aumentar a energia, melhorar o desempenho e aumentar a vitalidade \u2014 de forma natural e eficaz. <\/p>\n","protected":false},"featured_media":714,"comment_status":"open","ping_status":"closed","template":"","meta":{"inline_featured_image":false},"product_brand":[],"product_cat":[44],"product_tag":[],"class_list":{"0":"post-1136","1":"product","2":"type-product","3":"status-publish","4":"has-post-thumbnail","6":"product_cat-para-ele","8":"first","9":"instock","10":"sale","11":"shipping-taxable","12":"purchasable","13":"product-type-simple"},"_links":{"self":[{"href":"https:\/\/eroticmiel.com\/pt-pt\/wp-json\/wp\/v2\/product\/1136","targetHints":{"allow":["GET"]}}],"collection":[{"href":"https:\/\/eroticmiel.com\/pt-pt\/wp-json\/wp\/v2\/product"}],"about":[{"href":"https:\/\/eroticmiel.com\/pt-pt\/wp-json\/wp\/v2\/types\/product"}],"replies":[{"embeddable":true,"href":"https:\/\/eroticmiel.com\/pt-pt\/wp-json\/wp\/v2\/comments?post=1136"}],"wp:featuredmedia":[{"embeddable":true,"href":"https:\/\/eroticmiel.com\/pt-pt\/wp-json\/wp\/v2\/media\/714"}],"wp:attachment":[{"href":"https:\/\/eroticmiel.com\/pt-pt\/wp-json\/wp\/v2\/media?parent=1136"}],"wp:term":[{"taxonomy":"product_brand","embeddable":true,"href":"https:\/\/eroticmiel.com\/pt-pt\/wp-json\/wp\/v2\/product_brand?post=1136"},{"taxonomy":"product_cat","embeddable":true,"href":"https:\/\/eroticmiel.com\/pt-pt\/wp-json\/wp\/v2\/product_cat?post=1136"},{"taxonomy":"product_tag","embeddable":true,"href":"https:\/\/eroticmiel.com\/pt-pt\/wp-json\/wp\/v2\/product_tag?post=1136"}],"curies":[{"name":"wp","href":"https:\/\/api.w.org\/{rel}","templated":true}]}}