{"id":1137,"date":"2025-10-13T20:22:41","date_gmt":"2025-10-13T20:22:41","guid":{"rendered":"https:\/\/eroticmiel.com\/product\/potencia-do-cavalo-para-o-aumento-da-potencia-masculina\/"},"modified":"2025-10-13T20:22:41","modified_gmt":"2025-10-13T20:22:41","slug":"potencia-do-cavalo-para-o-aumento-da-potencia-masculina","status":"publish","type":"product","link":"https:\/\/eroticmiel.com\/pt-pt\/product\/potencia-do-cavalo-para-o-aumento-da-potencia-masculina\/","title":{"rendered":"Pot\u00eancia do Cavalo para o Aumento da Pot\u00eancia Masculina"},"content":{"rendered":"<h3 data-start=\"119\" data-end=\"178\"><strong data-start=\"126\" data-end=\"178\">EroticMiel \u2013 Mel para Aumento da Pot\u00eancia Masculina Horse Power<\/strong><\/h3>\n<p data-start=\"180\" data-end=\"236\"><strong data-start=\"180\" data-end=\"234\">Sinta o poder da natureza. Liberte a sua confian\u00e7a. <\/strong><\/p>\n<p data-start=\"238\" data-end=\"580\">A Erotic Miel apresenta Horse Power, uma mistura premium de mel natural e extratos de ervas especialmente formulada para aumentar a vitalidade, a resist\u00eancia e o desempenho masculino. Elaborado com o melhor mel verdadeiro e ingredientes afrodis\u00edacos tradicionais, este suplemento ajuda a restaurar a energia, a aumentar a resist\u00eancia e a promover o bem-estar sexual de forma natural. <\/p>\n<p data-start=\"582\" data-end=\"601\"><strong data-start=\"582\" data-end=\"599\">Principais benef\u00edcios:<\/strong><\/p>\n<ul data-start=\"602\" data-end=\"859\">\n<li data-start=\"602\" data-end=\"647\">\n<p data-start=\"604\" data-end=\"647\">\ud83c\udf3f Aumenta a resist\u00eancia e a for\u00e7a f\u00edsica<\/p>\n<\/li>\n<li data-start=\"648\" data-end=\"691\">\n<p data-start=\"650\" data-end=\"691\">\ud83d\udcaa Auxilia na manuten\u00e7\u00e3o de n\u00edveis saud\u00e1veis \u200b\u200bde testosterona<\/p>\n<\/li>\n<li data-start=\"692\" data-end=\"750\">\n<p data-start=\"694\" data-end=\"750\">\ud83d\udd25 Promove uma melhor circula\u00e7\u00e3o sangu\u00ednea e desempenho<\/p>\n<\/li>\n<li data-start=\"751\" data-end=\"807\">\n<p data-start=\"753\" data-end=\"807\">\u26a1 Aumenta o desejo, a vitalidade e a confian\u00e7a geral<\/p>\n<\/li>\n<li data-start=\"808\" data-end=\"859\">\n<p data-start=\"810\" data-end=\"859\">\ud83c\udf6f Mistura 100% natural \u2014 sem aditivos artificiais<\/p>\n<\/li>\n<\/ul>\n<p data-start=\"861\" data-end=\"1006\">Modo de utiliza\u00e7\u00e3o:<br data-start=\"876\" data-end=\"879\">Tome uma saqueta (10 g) 30 a 45 minutos antes da atividade f\u00edsica.<br data-start=\"935\" data-end=\"938\">Para melhores resultados, utilize regularmente e mantenha um estilo de vida saud\u00e1vel.<\/p>\n<p data-start=\"1008\" data-end=\"1147\">Ingredientes:<br data-start=\"1024\" data-end=\"1027\">Mel puro, extrato de ginseng, geleia real, tongkat ali e outras ervas naturais tradicionalmente conhecidas por melhorar o desempenho masculino.<\/p>\n<p data-start=\"1149\" data-end=\"1199\">Embalagem:<br data-start=\"1163\" data-end=\"1166\">Caixa com 6 saquetas (10g cada)<\/p>\n","protected":false},"excerpt":{"rendered":"<p>Sinta o poder da natureza. Liberte a sua confian\u00e7a. <\/p>\n<p>A Erotic Miel apresenta Horse Power, uma mistura premium de mel natural e extratos de ervas especialmente formulada para aumentar a vitalidade, a resist\u00eancia e o desempenho masculino. Elaborado com o melhor mel verdadeiro e ingredientes afrodis\u00edacos tradicionais, este suplemento ajuda a restaurar a energia, a aumentar a resist\u00eancia e a promover o bem-estar sexual de forma natural. <\/p>\n<p data-start=\"810\" data-end=\"859\">\n","protected":false},"featured_media":710,"comment_status":"open","ping_status":"closed","template":"","meta":{"inline_featured_image":false},"product_brand":[],"product_cat":[44],"product_tag":[],"class_list":{"0":"post-1137","1":"product","2":"type-product","3":"status-publish","4":"has-post-thumbnail","6":"product_cat-para-ele","8":"first","9":"instock","10":"sale","11":"shipping-taxable","12":"purchasable","13":"product-type-simple"},"_links":{"self":[{"href":"https:\/\/eroticmiel.com\/pt-pt\/wp-json\/wp\/v2\/product\/1137","targetHints":{"allow":["GET"]}}],"collection":[{"href":"https:\/\/eroticmiel.com\/pt-pt\/wp-json\/wp\/v2\/product"}],"about":[{"href":"https:\/\/eroticmiel.com\/pt-pt\/wp-json\/wp\/v2\/types\/product"}],"replies":[{"embeddable":true,"href":"https:\/\/eroticmiel.com\/pt-pt\/wp-json\/wp\/v2\/comments?post=1137"}],"wp:featuredmedia":[{"embeddable":true,"href":"https:\/\/eroticmiel.com\/pt-pt\/wp-json\/wp\/v2\/media\/710"}],"wp:attachment":[{"href":"https:\/\/eroticmiel.com\/pt-pt\/wp-json\/wp\/v2\/media?parent=1137"}],"wp:term":[{"taxonomy":"product_brand","embeddable":true,"href":"https:\/\/eroticmiel.com\/pt-pt\/wp-json\/wp\/v2\/product_brand?post=1137"},{"taxonomy":"product_cat","embeddable":true,"href":"https:\/\/eroticmiel.com\/pt-pt\/wp-json\/wp\/v2\/product_cat?post=1137"},{"taxonomy":"product_tag","embeddable":true,"href":"https:\/\/eroticmiel.com\/pt-pt\/wp-json\/wp\/v2\/product_tag?post=1137"}],"curies":[{"name":"wp","href":"https:\/\/api.w.org\/{rel}","templated":true}]}}